{"id":618,"date":"2022-02-02T18:13:22","date_gmt":"2022-02-02T18:13:22","guid":{"rendered":"http:\/\/kit-digital.org\/?page_id=618"},"modified":"2022-02-03T07:57:57","modified_gmt":"2022-02-03T07:57:57","slug":"siguenos","status":"publish","type":"page","link":"http:\/\/kit-digital.org\/?page_id=618","title":{"rendered":"M\u00e1s informaci\u00f3n"},"content":{"rendered":"\n<p>\u00bfLe interesar\u00eda estar informado de futuros avances?<\/p>\n\n\n\n<div class=\"forminator-guttenberg\"><div class=\"forminator-ui forminator-custom-form forminator-custom-form-626 forminator-design--default  forminator_ajax\" data-forminator-render=\"0\" data-form=\"forminator-module-626\" data-uid=\"69d291a64298d\"><br\/><\/div><form\n\t\t\t\tid=\"forminator-module-626\"\n\t\t\t\tclass=\"forminator-ui forminator-custom-form forminator-custom-form-626 forminator-design--default  forminator_ajax\"\n\t\t\t\tmethod=\"post\"\n\t\t\t\tdata-forminator-render=\"0\"\n\t\t\t\tdata-form-id=\"626\"\n\t\t\t\t\n\t\t\t\tdata-design=\"default\"\n\t\t\t\t\n\t\t\t\t\n\t\t\t\t\n\t\t\t\tdata-grid=\"open\"\n\t\t\t\t\n\t\t\t\t\n\t\t\t\tstyle=\"display: none;\"\n\t\t\t\t\n\t\t\t\tdata-uid=\"69d291a64298d\"\n\t\t\t><div class=\"forminator-response-message forminator-error\" aria-hidden=\"true\"><\/div><div class=\"forminator-row\"><div id=\"name-1\" class=\"forminator-col forminator-col-6 \"><div class=\"forminator-field\"><label for=\"forminator-field-name-1_69d291a64298d\" class=\"forminator-label\">Nombre <span class=\"forminator-required\">*<\/span><\/label><input type=\"text\" name=\"name-1\" value=\"\" placeholder=\"\" id=\"forminator-field-name-1_69d291a64298d\" class=\"forminator-input forminator-name--field\" aria-required=\"true\" \/><\/div><\/div><div id=\"name-2\" class=\"forminator-col forminator-col-6 \"><div class=\"forminator-field\"><label for=\"forminator-field-name-2_69d291a64298d\" class=\"forminator-label\">Apellidos <span class=\"forminator-required\">*<\/span><\/label><input type=\"text\" name=\"name-2\" value=\"\" placeholder=\"\" id=\"forminator-field-name-2_69d291a64298d\" class=\"forminator-input forminator-name--field\" aria-required=\"true\" \/><\/div><\/div><\/div><div class=\"forminator-row\"><div id=\"email-1\" class=\"forminator-col forminator-col-12 \"><div class=\"forminator-field\"><label for=\"forminator-field-email-1_69d291a64298d\" class=\"forminator-label\">Correo electr\u00f3nico <span class=\"forminator-required\">*<\/span><\/label><input type=\"email\" name=\"email-1\" value=\"\" placeholder=\"\" id=\"forminator-field-email-1_69d291a64298d\" class=\"forminator-input forminator-email--field\" data-required=\"true\" aria-required=\"true\" \/><\/div><\/div><\/div><div class=\"forminator-row\"><div id=\"text-3\" class=\"forminator-col forminator-col-12 \"><div class=\"forminator-field\"><label for=\"forminator-field-text-3_69d291a64298d\" class=\"forminator-label\">Empresa <span class=\"forminator-required\">*<\/span><\/label><input type=\"text\" name=\"text-3\" value=\"\" placeholder=\"\" id=\"forminator-field-text-3_69d291a64298d\" class=\"forminator-input forminator-name--field\" data-required=\"1\" maxlength=\"30\" \/><span id=\"forminator-field-text-3_69d291a64298d-description\" class=\"forminator-description\"><span data-limit=\"30\" data-type=\"characters\">0 \/ 30<\/span><\/span><\/div><\/div><\/div><div class=\"forminator-row\"><div id=\"text-1\" class=\"forminator-col forminator-col-12 \"><div class=\"forminator-field\"><label for=\"forminator-field-text-1_69d291a64298d\" class=\"forminator-label\">Tipo de soluci\u00f3n <span class=\"forminator-required\">*<\/span><\/label><input type=\"text\" name=\"text-1\" value=\"\" placeholder=\"\" id=\"forminator-field-text-1_69d291a64298d\" class=\"forminator-input forminator-name--field\" data-required=\"1\" maxlength=\"60\" \/><span id=\"forminator-field-text-1_69d291a64298d-description\" class=\"forminator-description\"><span data-limit=\"60\" data-type=\"characters\">0 \/ 60<\/span><\/span><\/div><\/div><\/div><div class=\"forminator-row\"><div id=\"phone-1\" class=\"forminator-col forminator-col-12 \"><div class=\"forminator-field\"><label for=\"forminator-field-phone-1_69d291a64298d\" class=\"forminator-label\">N\u00famero de tel\u00e9fono<\/label><input type=\"text\" name=\"phone-1\" value=\"\" placeholder=\"\" id=\"forminator-field-phone-1_69d291a64298d\" class=\"forminator-input forminator-field--phone\" data-required=\"\" aria-required=\"false\" autocomplete=\"off\" \/><\/div><\/div><\/div><div class=\"forminator-row\"><div id=\"checkbox-1\" class=\"forminator-col forminator-col-12 \"><div role=\"group\" class=\"forminator-field required\" aria-labelledby=\"forminator-checkbox-group-69d291a64298d-label\"><h4 id=\"forminator-checkbox-group-69d291a64298d-label\" class=\"forminator-label\">protecci\u00f3n de datos <span class=\"forminator-required\">*<\/span><\/h4><label for=\"forminator-field-checkbox-1-1-69d291a64298d\" class=\"forminator-checkbox\" title=\"He leido y acepto la Pol\u00edtica de Privacidad y Protecci\u00f3n de Datos\"><input type=\"checkbox\" name=\"checkbox-1[]\" value=\"He-leido-y-acepto-la-Pol\u00edtica-de-Privacidad-y-Protecci\u00f3n-de-Datos\" id=\"forminator-field-checkbox-1-1-69d291a64298d\" data-calculation=\"0\"   aria-describedby=\"forminator-field-checkbox-1-69d291a64298d-description\"\/><span class=\"forminator-checkbox-box\" aria-hidden=\"true\"><\/span><span class=\"forminator-checkbox-label\">He leido y acepto la Pol\u00edtica de Privacidad y Protecci\u00f3n de Datos<\/span><\/label><\/div><\/div><\/div><div class=\"forminator-row\"><div id=\"captcha-1\" class=\"forminator-col forminator-col-12 \"><div class=\"forminator-g-recaptcha\" data-theme=\"light\"  data-sitekey=\"6LcKZ1MeAAAAAIA0bMB-33jO0jcvjykoEPkLJXuk\" data-size=\"normal\"><\/div> <\/div><\/div><input type=\"hidden\" name=\"referer_url\" value=\"\" \/><div class=\"forminator-row forminator-row-last\"><div class=\"forminator-col\"><div class=\"forminator-field\"><button class=\"forminator-button forminator-button-submit\">Enviar mensaje<\/button><\/div><\/div><\/div><input type=\"hidden\" id=\"forminator_nonce\" name=\"forminator_nonce\" value=\"71e72a84ff\" \/><input type=\"hidden\" name=\"_wp_http_referer\" value=\"\/index.php?rest_route=%2Fwp%2Fv2%2Fpages%2F618\" \/><input type=\"hidden\" name=\"form_id\" value=\"626\"><input type=\"hidden\" name=\"page_id\" value=\"618\"><input type=\"hidden\" name=\"form_type\" value=\"default\"><input type=\"hidden\" name=\"current_url\" value=\"http:\/\/kit-digital.org\/?page_id=618\"><input type=\"hidden\" name=\"render_id\" value=\"0\"><input type=\"hidden\" name=\"action\" value=\"forminator_submit_form_custom-forms\"><\/form><\/div>\n\n\n\n<p><a href=\"http:\/\/eadtrust.rgpd.de\/politica-de-privacidad\/\">Pulse aqu\u00ed para ver la pol\u00edtica de privacidad<\/a><\/p>\n","protected":false},"excerpt":{"rendered":"<p>\u00bfLe interesar\u00eda estar informado de futuros avances? Pulse aqu\u00ed para ver la pol\u00edtica de privacidad<\/p>\n","protected":false},"author":2,"featured_media":0,"parent":0,"menu_order":0,"comment_status":"closed","ping_status":"closed","template":"","meta":[],"_links":{"self":[{"href":"http:\/\/kit-digital.org\/index.php?rest_route=\/wp\/v2\/pages\/618"}],"collection":[{"href":"http:\/\/kit-digital.org\/index.php?rest_route=\/wp\/v2\/pages"}],"about":[{"href":"http:\/\/kit-digital.org\/index.php?rest_route=\/wp\/v2\/types\/page"}],"author":[{"embeddable":true,"href":"http:\/\/kit-digital.org\/index.php?rest_route=\/wp\/v2\/users\/2"}],"replies":[{"embeddable":true,"href":"http:\/\/kit-digital.org\/index.php?rest_route=%2Fwp%2Fv2%2Fcomments&post=618"}],"version-history":[{"count":6,"href":"http:\/\/kit-digital.org\/index.php?rest_route=\/wp\/v2\/pages\/618\/revisions"}],"predecessor-version":[{"id":630,"href":"http:\/\/kit-digital.org\/index.php?rest_route=\/wp\/v2\/pages\/618\/revisions\/630"}],"wp:attachment":[{"href":"http:\/\/kit-digital.org\/index.php?rest_route=%2Fwp%2Fv2%2Fmedia&parent=618"}],"curies":[{"name":"wp","href":"https:\/\/api.w.org\/{rel}","templated":true}]}}