{"id":518,"date":"2020-10-03T14:48:58","date_gmt":"2020-10-03T14:48:58","guid":{"rendered":"http:\/\/demo.athemes.com\/sp-plumber\/?page_id=7"},"modified":"2022-02-02T17:05:53","modified_gmt":"2022-02-02T17:05:53","slug":"home","status":"publish","type":"page","link":"http:\/\/kit-digital.org\/","title":{"rendered":"Home"},"content":{"rendered":"\t\t<div data-elementor-type=\"wp-page\" data-elementor-id=\"518\" class=\"elementor elementor-518\">\n\t\t\t\t\t\t\t\t\t<section class=\"elementor-section elementor-top-section elementor-element elementor-element-5801b3b elementor-section-boxed elementor-section-height-default elementor-section-height-default\" data-id=\"5801b3b\" data-element_type=\"section\" data-settings=\"{&quot;background_background&quot;:&quot;classic&quot;}\">\n\t\t\t\t\t\t\t<div class=\"elementor-background-overlay\"><\/div>\n\t\t\t\t\t\t\t<div class=\"elementor-container elementor-column-gap-default\">\n\t\t\t\t\t<div class=\"elementor-column elementor-col-100 elementor-top-column elementor-element elementor-element-5c6bb94\" data-id=\"5c6bb94\" data-element_type=\"column\">\n\t\t\t<div class=\"elementor-widget-wrap elementor-element-populated\">\n\t\t\t\t\t\t\t\t<div class=\"elementor-element elementor-element-c6caf34 elementor-widget elementor-widget-spacer\" data-id=\"c6caf34\" data-element_type=\"widget\" data-widget_type=\"spacer.default\">\n\t\t\t\t<div class=\"elementor-widget-container\">\n\t\t\t<style>\/*! elementor - v3.13.2 - 11-05-2023 *\/\n.elementor-column .elementor-spacer-inner{height:var(--spacer-size)}.e-con{--container-widget-width:100%}.e-con-inner>.elementor-widget-spacer,.e-con>.elementor-widget-spacer{width:var(--container-widget-width,var(--spacer-size));--align-self:var(--container-widget-align-self,initial);--flex-shrink:0}.e-con-inner>.elementor-widget-spacer>.elementor-widget-container,.e-con-inner>.elementor-widget-spacer>.elementor-widget-container>.elementor-spacer,.e-con>.elementor-widget-spacer>.elementor-widget-container,.e-con>.elementor-widget-spacer>.elementor-widget-container>.elementor-spacer{height:100%}.e-con-inner>.elementor-widget-spacer>.elementor-widget-container>.elementor-spacer>.elementor-spacer-inner,.e-con>.elementor-widget-spacer>.elementor-widget-container>.elementor-spacer>.elementor-spacer-inner{height:var(--container-widget-height,var(--spacer-size))}<\/style>\t\t<div class=\"elementor-spacer\">\n\t\t\t<div class=\"elementor-spacer-inner\"><\/div>\n\t\t<\/div>\n\t\t\t\t<\/div>\n\t\t\t\t<\/div>\n\t\t\t\t<div class=\"elementor-element elementor-element-862ec57 elementor-widget elementor-widget-heading\" data-id=\"862ec57\" data-element_type=\"widget\" data-widget_type=\"heading.default\">\n\t\t\t\t<div class=\"elementor-widget-container\">\n\t\t\t<style>\/*! elementor - v3.13.2 - 11-05-2023 *\/\n.elementor-heading-title{padding:0;margin:0;line-height:1}.elementor-widget-heading .elementor-heading-title[class*=elementor-size-]>a{color:inherit;font-size:inherit;line-height:inherit}.elementor-widget-heading .elementor-heading-title.elementor-size-small{font-size:15px}.elementor-widget-heading .elementor-heading-title.elementor-size-medium{font-size:19px}.elementor-widget-heading .elementor-heading-title.elementor-size-large{font-size:29px}.elementor-widget-heading .elementor-heading-title.elementor-size-xl{font-size:39px}.elementor-widget-heading .elementor-heading-title.elementor-size-xxl{font-size:59px}<\/style><h2 class=\"elementor-heading-title elementor-size-default\">FACCIL<\/h2>\t\t<\/div>\n\t\t\t\t<\/div>\n\t\t\t\t<div class=\"elementor-element elementor-element-02e65d1 elementor-widget elementor-widget-heading\" data-id=\"02e65d1\" data-element_type=\"widget\" data-widget_type=\"heading.default\">\n\t\t\t\t<div class=\"elementor-widget-container\">\n\t\t\t<h2 class=\"elementor-heading-title elementor-size-default\">FACTURA ELECTRONICA<\/h2>\t\t<\/div>\n\t\t\t\t<\/div>\n\t\t\t\t<div class=\"elementor-element elementor-element-ac4ca49 elementor-widget elementor-widget-spacer\" data-id=\"ac4ca49\" data-element_type=\"widget\" data-widget_type=\"spacer.default\">\n\t\t\t\t<div class=\"elementor-widget-container\">\n\t\t\t\t\t<div class=\"elementor-spacer\">\n\t\t\t<div class=\"elementor-spacer-inner\"><\/div>\n\t\t<\/div>\n\t\t\t\t<\/div>\n\t\t\t\t<\/div>\n\t\t\t\t\t<\/div>\n\t\t<\/div>\n\t\t\t\t\t\t\t<\/div>\n\t\t<\/section>\n\t\t\t\t<section class=\"elementor-section elementor-top-section elementor-element elementor-element-aebab69 elementor-section-boxed elementor-section-height-default elementor-section-height-default\" data-id=\"aebab69\" data-element_type=\"section\">\n\t\t\t\t\t\t<div class=\"elementor-container elementor-column-gap-default\">\n\t\t\t\t\t<div class=\"elementor-column elementor-col-100 elementor-top-column elementor-element elementor-element-3b254a4\" data-id=\"3b254a4\" data-element_type=\"column\">\n\t\t\t<div class=\"elementor-widget-wrap elementor-element-populated\">\n\t\t\t\t\t\t\t\t<div class=\"elementor-element elementor-element-5098ec6 elementor-widget elementor-widget-spacer\" data-id=\"5098ec6\" data-element_type=\"widget\" data-widget_type=\"spacer.default\">\n\t\t\t\t<div class=\"elementor-widget-container\">\n\t\t\t\t\t<div class=\"elementor-spacer\">\n\t\t\t<div class=\"elementor-spacer-inner\"><\/div>\n\t\t<\/div>\n\t\t\t\t<\/div>\n\t\t\t\t<\/div>\n\t\t\t\t<div class=\"elementor-element elementor-element-578f5bc elementor-widget elementor-widget-heading\" data-id=\"578f5bc\" data-element_type=\"widget\" data-widget_type=\"heading.default\">\n\t\t\t\t<div class=\"elementor-widget-container\">\n\t\t\t<h2 class=\"elementor-heading-title elementor-size-default\">DESCRIPCI\u00d3N DEL SERVICIO<\/h2>\t\t<\/div>\n\t\t\t\t<\/div>\n\t\t\t\t<div class=\"elementor-element elementor-element-14de65d elementor-widget elementor-widget-spacer\" data-id=\"14de65d\" data-element_type=\"widget\" data-widget_type=\"spacer.default\">\n\t\t\t\t<div class=\"elementor-widget-container\">\n\t\t\t\t\t<div class=\"elementor-spacer\">\n\t\t\t<div class=\"elementor-spacer-inner\"><\/div>\n\t\t<\/div>\n\t\t\t\t<\/div>\n\t\t\t\t<\/div>\n\t\t\t\t<div class=\"elementor-element elementor-element-3a04d30 elementor-widget elementor-widget-text-editor\" data-id=\"3a04d30\" data-element_type=\"widget\" data-widget_type=\"text-editor.default\">\n\t\t\t\t<div class=\"elementor-widget-container\">\n\t\t\t<style>\/*! elementor - v3.13.2 - 11-05-2023 *\/\n.elementor-widget-text-editor.elementor-drop-cap-view-stacked .elementor-drop-cap{background-color:#69727d;color:#fff}.elementor-widget-text-editor.elementor-drop-cap-view-framed .elementor-drop-cap{color:#69727d;border:3px solid;background-color:transparent}.elementor-widget-text-editor:not(.elementor-drop-cap-view-default) .elementor-drop-cap{margin-top:8px}.elementor-widget-text-editor:not(.elementor-drop-cap-view-default) .elementor-drop-cap-letter{width:1em;height:1em}.elementor-widget-text-editor .elementor-drop-cap{float:left;text-align:center;line-height:1;font-size:50px}.elementor-widget-text-editor .elementor-drop-cap-letter{display:inline-block}<\/style>\t\t\t\t<div>\n<div>\n<ul>\n<li><strong><em>Servicio de edici\u00f3n de facturas en formato PDF y facturae con sello electr\u00f3nico delegado <\/em><\/strong><\/li>\n<\/ul>\n<p>Esta aplicaci\u00f3n le permitir\u00e1 la edici\u00f3n de facturas para su impresi\u00f3n o su uso como borrador de factura electr\u00f3nica. Todas las facturas podr\u00e1n ser visualizadas en todo momento, con posibilidad de copia o descarga en l\u00ednea.<\/p>\n<ul>\n<li><strong><em>Servicio de <\/em><\/strong><strong><em>Sello Electr\u00f3nico en formato XAdES-XL (o PADES seg\u00fan el formato seleccionado) y env\u00edo electr\u00f3nico de la factura electr\u00f3nica a clientes.<\/em><\/strong><\/li>\n<\/ul>\n<p>Generaci\u00f3n de facturas electr\u00f3nicas con igual validez legal que las facturas emitidas en papel, al contener un sello electr\u00f3nico avanzado basado en un certificado cualificado y en un dispositivo cualificado de creaci\u00f3n de sello. &nbsp;Adem\u00e1s nuestro sistema de firma avanzada incorpora a la factura un sello de tiempo y la informaci\u00f3n de validez del certificado.<\/p>\n<p>Este servicio incluye el env\u00edo al cliente de la factura electr\u00f3nica generada.<\/p>\n<ul>\n<li><strong><em>Custodia de facturas (para el emisor).<\/em><\/strong><\/li>\n<\/ul>\n<p><a href=\"http:\/\/www.faccil.com\/\" target=\"_blank\" rel=\"noopener\" data-saferedirecturl=\"https:\/\/www.google.com\/url?q=http:\/\/www.faccil.com\/&amp;source=gmail&amp;ust=1643818691106000&amp;usg=AOvVaw0hksJbHrUAepDCKVd_onWz\">Faccil<\/a>&nbsp;ofrece un servicio de custodia de los archivos enviados para el Emisor. La normativa Europea de facturaci\u00f3n electr\u00f3nica impone al emisor la obligaci\u00f3n de conservar los datos de la factura, concretamente la \u201cmatriz\u201d o base de datos que permite generarlas. La conservaci\u00f3n se realizar\u00e1 por 6 a\u00f1os o un plazo menor si el cliente opta por descargarse antes las facturas a su sistema inform\u00e1tico.<\/p>\n<ul>\n<li><strong><em>Custodia de facturas (para el receptor).<\/em><\/strong><\/li>\n<\/ul>\n<p>Una de las obligaciones de las empresas que reciben facturas electr\u00f3nicas es la conservaci\u00f3n de las mismas en el formato en el que fueron recibidas (electr\u00f3nico).&nbsp;<a href=\"http:\/\/www.faccil.com\/\" target=\"_blank\" rel=\"noopener\" data-saferedirecturl=\"https:\/\/www.google.com\/url?q=http:\/\/www.faccil.com\/&amp;source=gmail&amp;ust=1643818691106000&amp;usg=AOvVaw0hksJbHrUAepDCKVd_onWz\">Faccil<\/a>&nbsp;facilita al receptor esta obligaci\u00f3n ofreciendo un sistema de custodia de los archivos recibidos. La conservaci\u00f3n se realizar\u00e1 por 6 a\u00f1os o un plazo menor si el receptor opta por descargarse antes las facturas a su sistema inform\u00e1tico.<\/p>\n<p>Las utilidades de&nbsp;<a href=\"http:\/\/www.faccil.com\/\" target=\"_blank\" rel=\"noopener\" data-saferedirecturl=\"https:\/\/www.google.com\/url?q=http:\/\/www.faccil.com\/&amp;source=gmail&amp;ust=1643818691106000&amp;usg=AOvVaw0hksJbHrUAepDCKVd_onWz\">Faccil<\/a>&nbsp;de conservaci\u00f3n de facturas, legibilidad, control de accesos y firma electr\u00f3nica, garantizan en todo momento, la identidad del emisor de la factura y que la misma no ha sido alterada desde su emisi\u00f3n.<\/p>\n<\/div>\n<\/div>\t\t\t\t\t\t<\/div>\n\t\t\t\t<\/div>\n\t\t\t\t<div class=\"elementor-element elementor-element-8cad9d4 elementor-widget elementor-widget-text-editor\" data-id=\"8cad9d4\" data-element_type=\"widget\" data-widget_type=\"text-editor.default\">\n\t\t\t\t<div class=\"elementor-widget-container\">\n\t\t\t\t\t\t\t<p>La soluci\u00f3n Faccil fue seleccionada entre las 10 principales soliciones de factura electr\u00f3nica en 2011.<\/p>\t\t\t\t\t\t<\/div>\n\t\t\t\t<\/div>\n\t\t\t\t\t<\/div>\n\t\t<\/div>\n\t\t\t\t\t\t\t<\/div>\n\t\t<\/section>\n\t\t\t\t<section class=\"elementor-section elementor-top-section elementor-element elementor-element-418afc9 elementor-section-boxed elementor-section-height-default elementor-section-height-default\" data-id=\"418afc9\" data-element_type=\"section\">\n\t\t\t\t\t\t<div class=\"elementor-container elementor-column-gap-default\">\n\t\t\t\t\t<div class=\"elementor-column elementor-col-100 elementor-top-column elementor-element elementor-element-51f7062\" data-id=\"51f7062\" data-element_type=\"column\">\n\t\t\t<div class=\"elementor-widget-wrap elementor-element-populated\">\n\t\t\t\t\t\t\t\t<div class=\"elementor-element elementor-element-8608fdc elementor-widget elementor-widget-heading\" data-id=\"8608fdc\" data-element_type=\"widget\" data-widget_type=\"heading.default\">\n\t\t\t\t<div class=\"elementor-widget-container\">\n\t\t\t<h2 class=\"elementor-heading-title elementor-size-default\">PRECIO DEL SERVICIO<\/h2>\t\t<\/div>\n\t\t\t\t<\/div>\n\t\t\t\t<div class=\"elementor-element elementor-element-f57d1d8 elementor-widget elementor-widget-text-editor\" data-id=\"f57d1d8\" data-element_type=\"widget\" data-widget_type=\"text-editor.default\">\n\t\t\t\t<div class=\"elementor-widget-container\">\n\t\t\t\t\t\t\t<ul><li>12 meses de servicio por 600 euros.<\/li><li>Coste adicional por espacio de custodia que supere los 100 Mb (10 Mb = 1\u20ac\/a\u00f1o)<\/li><li>Coste adicional por n\u00famero de usuarios de la plataforma: 100 \u20ac\/a\u00f1o por usuario<\/li><\/ul>\t\t\t\t\t\t<\/div>\n\t\t\t\t<\/div>\n\t\t\t\t\t<\/div>\n\t\t<\/div>\n\t\t\t\t\t\t\t<\/div>\n\t\t<\/section>\n\t\t\t\t<section class=\"elementor-section elementor-top-section elementor-element elementor-element-4e13393 elementor-section-boxed elementor-section-height-default elementor-section-height-default\" data-id=\"4e13393\" data-element_type=\"section\">\n\t\t\t\t\t\t<div class=\"elementor-container elementor-column-gap-default\">\n\t\t\t\t\t<div class=\"elementor-column elementor-col-100 elementor-top-column elementor-element elementor-element-e16211e\" data-id=\"e16211e\" data-element_type=\"column\">\n\t\t\t<div class=\"elementor-widget-wrap elementor-element-populated\">\n\t\t\t\t\t\t\t\t<div class=\"elementor-element elementor-element-8174d38 elementor-widget elementor-widget-spacer\" data-id=\"8174d38\" data-element_type=\"widget\" data-widget_type=\"spacer.default\">\n\t\t\t\t<div class=\"elementor-widget-container\">\n\t\t\t\t\t<div class=\"elementor-spacer\">\n\t\t\t<div class=\"elementor-spacer-inner\"><\/div>\n\t\t<\/div>\n\t\t\t\t<\/div>\n\t\t\t\t<\/div>\n\t\t\t\t\t<\/div>\n\t\t<\/div>\n\t\t\t\t\t\t\t<\/div>\n\t\t<\/section>\n\t\t\t\t<section class=\"elementor-section elementor-top-section elementor-element elementor-element-897c7af elementor-section-boxed elementor-section-height-default elementor-section-height-default\" data-id=\"897c7af\" data-element_type=\"section\">\n\t\t\t\t\t\t<div class=\"elementor-container elementor-column-gap-default\">\n\t\t\t\t\t<div class=\"elementor-column elementor-col-100 elementor-top-column elementor-element elementor-element-12a9643\" data-id=\"12a9643\" data-element_type=\"column\">\n\t\t\t<div class=\"elementor-widget-wrap elementor-element-populated\">\n\t\t\t\t\t\t\t\t<div class=\"elementor-element elementor-element-5d252d9 elementor-widget elementor-widget-spacer\" data-id=\"5d252d9\" data-element_type=\"widget\" data-widget_type=\"spacer.default\">\n\t\t\t\t<div class=\"elementor-widget-container\">\n\t\t\t\t\t<div class=\"elementor-spacer\">\n\t\t\t<div class=\"elementor-spacer-inner\"><\/div>\n\t\t<\/div>\n\t\t\t\t<\/div>\n\t\t\t\t<\/div>\n\t\t\t\t\t<\/div>\n\t\t<\/div>\n\t\t\t\t\t\t\t<\/div>\n\t\t<\/section>\n\t\t\t\t\t\t\t<\/div>\n\t\t","protected":false},"excerpt":{"rendered":"<p>FACCIL FACTURA ELECTRONICA DESCRIPCI\u00d3N DEL SERVICIO Servicio de edici\u00f3n de facturas en formato PDF y facturae con sello electr\u00f3nico delegado Esta aplicaci\u00f3n le permitir\u00e1 la [&hellip;]<\/p>\n","protected":false},"author":2,"featured_media":0,"parent":0,"menu_order":0,"comment_status":"closed","ping_status":"closed","template":"page-templates\/page_front-page.php","meta":[],"_links":{"self":[{"href":"http:\/\/kit-digital.org\/index.php?rest_route=\/wp\/v2\/pages\/518"}],"collection":[{"href":"http:\/\/kit-digital.org\/index.php?rest_route=\/wp\/v2\/pages"}],"about":[{"href":"http:\/\/kit-digital.org\/index.php?rest_route=\/wp\/v2\/types\/page"}],"author":[{"embeddable":true,"href":"http:\/\/kit-digital.org\/index.php?rest_route=\/wp\/v2\/users\/2"}],"replies":[{"embeddable":true,"href":"http:\/\/kit-digital.org\/index.php?rest_route=%2Fwp%2Fv2%2Fcomments&post=518"}],"version-history":[{"count":36,"href":"http:\/\/kit-digital.org\/index.php?rest_route=\/wp\/v2\/pages\/518\/revisions"}],"predecessor-version":[{"id":615,"href":"http:\/\/kit-digital.org\/index.php?rest_route=\/wp\/v2\/pages\/518\/revisions\/615"}],"wp:attachment":[{"href":"http:\/\/kit-digital.org\/index.php?rest_route=%2Fwp%2Fv2%2Fmedia&parent=518"}],"curies":[{"name":"wp","href":"https:\/\/api.w.org\/{rel}","templated":true}]}}